{"id":37072,"date":"2026-01-31T18:46:44","date_gmt":"2026-01-31T13:46:44","guid":{"rendered":"https:\/\/1001web.ca\/customer-testimonials-google-and-trustpilot-reviews\/"},"modified":"2026-01-31T18:46:44","modified_gmt":"2026-01-31T13:46:44","slug":"customer-testimonials-google-and-trustpilot-reviews","status":"publish","type":"page","link":"https:\/\/1001web.ca\/en\/customer-testimonials-google-and-trustpilot-reviews\/","title":{"rendered":"Customer testimonials &#8211; Google and Trustpilot reviews"},"content":{"rendered":"<p>[reviews_rating]<\/p>\n\n\n<p>[brtpmj_reviews]<\/p>\n","protected":false},"excerpt":{"rendered":"[reviews_rating] [brtpmj_reviews]","protected":false},"author":1,"featured_media":0,"parent":0,"menu_order":0,"comment_status":"closed","ping_status":"closed","template":"","meta":{"footnotes":""},"class_list":["post-37072","page","type-page","status-publish","hentry"],"aioseo_notices":[],"aioseo_head":"\n\t\t<!-- All in One SEO Pro 4.9.6 - aioseo.com -->\n\t<meta name=\"description\" content=\"[reviews_rating] [brtpmj_reviews]\" \/>\n\t<meta name=\"robots\" content=\"max-image-preview:large\" \/>\n\t<meta name=\"msvalidate.01\" content=\"4E74B54DD853C9FE8C5FF5573C146251\" \/>\n\t<meta name=\"yandex-verification\" content=\"b3a552b01ee41d38\" \/>\n\t<link rel=\"canonical\" href=\"https:\/\/1001web.ca\/en\/customer-testimonials-google-and-trustpilot-reviews\/\" \/>\n\t<meta name=\"generator\" content=\"All in One SEO Pro (AIOSEO) 4.9.6\" \/>\n\t\t<meta property=\"og:locale\" content=\"en_US\" \/>\n\t\t<meta property=\"og:site_name\" content=\"1001Web\u2122 - Cr\u00e9ation de Sites Web Montr\u00e9al - Experts en cr\u00e9ation de sites web \u00e0 Montr\u00e9al depuis 15 ans\" \/>\n\t\t<meta property=\"og:type\" content=\"article\" \/>\n\t\t<meta property=\"og:title\" content=\"Customer testimonials \u2013 Google and Trustpilot reviews - 1001Web\u2122 - Cr\u00e9ation de Sites Web Montr\u00e9al\" \/>\n\t\t<meta property=\"og:description\" content=\"[reviews_rating] [brtpmj_reviews]\" \/>\n\t\t<meta property=\"og:url\" content=\"https:\/\/1001web.ca\/en\/customer-testimonials-google-and-trustpilot-reviews\/\" \/>\n\t\t<meta property=\"article:published_time\" content=\"2026-01-31T13:46:44+00:00\" \/>\n\t\t<meta property=\"article:modified_time\" content=\"2026-01-31T13:46:44+00:00\" \/>\n\t\t<meta name=\"twitter:card\" content=\"summary_large_image\" \/>\n\t\t<meta name=\"twitter:site\" content=\"@1001web\" \/>\n\t\t<meta name=\"twitter:title\" content=\"Customer testimonials \u2013 Google and Trustpilot reviews - 1001Web\u2122 - Cr\u00e9ation de Sites Web Montr\u00e9al\" \/>\n\t\t<meta name=\"twitter:description\" content=\"[reviews_rating] [brtpmj_reviews]\" \/>\n\t\t<meta name=\"twitter:creator\" content=\"@1001web\" \/>\n\t\t<script type=\"application\/ld+json\" class=\"aioseo-schema\">\n\t\t\t{\"@context\":\"https:\\\/\\\/schema.org\",\"@graph\":[{\"@type\":\"BreadcrumbList\",\"@id\":\"https:\\\/\\\/1001web.ca\\\/en\\\/customer-testimonials-google-and-trustpilot-reviews\\\/#breadcrumblist\",\"itemListElement\":[{\"@type\":\"ListItem\",\"@id\":\"https:\\\/\\\/1001web.ca\\\/en\\\/#listItem\",\"position\":1,\"name\":\"Accueil\",\"item\":\"https:\\\/\\\/1001web.ca\\\/en\\\/\",\"nextItem\":{\"@type\":\"ListItem\",\"@id\":\"https:\\\/\\\/1001web.ca\\\/en\\\/customer-testimonials-google-and-trustpilot-reviews\\\/#listItem\",\"name\":\"Customer testimonials &#8211; Google and Trustpilot reviews\"}},{\"@type\":\"ListItem\",\"@id\":\"https:\\\/\\\/1001web.ca\\\/en\\\/customer-testimonials-google-and-trustpilot-reviews\\\/#listItem\",\"position\":2,\"name\":\"Customer testimonials &#8211; Google and Trustpilot reviews\",\"previousItem\":{\"@type\":\"ListItem\",\"@id\":\"https:\\\/\\\/1001web.ca\\\/en\\\/#listItem\",\"name\":\"Accueil\"}}]},{\"@type\":\"Organization\",\"@id\":\"https:\\\/\\\/1001web.ca\\\/en\\\/#organization\",\"name\":\"1001Web\\u2122\",\"description\":\"Agence de cr\\u00e9ation de sites web \\u00e0 Montr\\u00e9al depuis 2008. Solutions cl\\u00e9 en main pour PME, OBNL et OSBL : sites vitrines, e-commerce, h\\u00e9bergement, maintenance. Devis gratuit.\",\"url\":\"https:\\\/\\\/1001web.ca\\\/en\\\/\",\"email\":\"info@1001web.ca\",\"telephone\":\"+15149725102\",\"foundingDate\":\"2008-06-01\",\"numberOfEmployees\":{\"@type\":\"QuantitativeValue\",\"value\":2},\"logo\":{\"@type\":\"ImageObject\",\"url\":\"https:\\\/\\\/1001web.ca\\\/wp-content\\\/uploads\\\/2024\\\/08\\\/2024-1001Web-L-cadre.webp\",\"@id\":\"https:\\\/\\\/1001web.ca\\\/en\\\/customer-testimonials-google-and-trustpilot-reviews\\\/#organizationLogo\",\"width\":440,\"height\":386,\"caption\":\"#image_title\"},\"image\":{\"@id\":\"https:\\\/\\\/1001web.ca\\\/en\\\/customer-testimonials-google-and-trustpilot-reviews\\\/#organizationLogo\"},\"sameAs\":[\"https:\\\/\\\/x.com\\\/1001web\"],\"address\":{\"@id\":\"https:\\\/\\\/1001web.ca\\\/en\\\/#postaladdress\",\"@type\":\"PostalAddress\",\"streetAddress\":\"7760 Rue Jarry E, Anjou,,\",\"postalCode\":\"H1J 1H3\",\"addressLocality\":\"Montr\\u00e9al\",\"addressRegion\":\"Qu\\u00e9bec\",\"addressCountry\":\"CA\"}},{\"@type\":\"WebPage\",\"@id\":\"https:\\\/\\\/1001web.ca\\\/en\\\/customer-testimonials-google-and-trustpilot-reviews\\\/#webpage\",\"url\":\"https:\\\/\\\/1001web.ca\\\/en\\\/customer-testimonials-google-and-trustpilot-reviews\\\/\",\"name\":\"Customer testimonials \\u2013 Google and Trustpilot reviews - 1001Web\\u2122 - Cr\\u00e9ation de Sites Web Montr\\u00e9al\",\"description\":\"[reviews_rating] [brtpmj_reviews]\",\"inLanguage\":\"en-US\",\"isPartOf\":{\"@id\":\"https:\\\/\\\/1001web.ca\\\/en\\\/#website\"},\"breadcrumb\":{\"@id\":\"https:\\\/\\\/1001web.ca\\\/en\\\/customer-testimonials-google-and-trustpilot-reviews\\\/#breadcrumblist\"},\"datePublished\":\"2026-01-31T18:46:44-05:00\",\"dateModified\":\"2026-01-31T18:46:44-05:00\"},{\"@type\":\"WebSite\",\"@id\":\"https:\\\/\\\/1001web.ca\\\/en\\\/#website\",\"url\":\"https:\\\/\\\/1001web.ca\\\/en\\\/\",\"name\":\"1001Web\\u2122 - Cr\\u00e9ation de Sites Web Montr\\u00e9al\",\"alternateName\":\"1001Web.ca\",\"description\":\"Experts en cr\\u00e9ation de sites web \\u00e0 Montr\\u00e9al depuis 15 ans\",\"inLanguage\":\"en-US\",\"publisher\":{\"@id\":\"https:\\\/\\\/1001web.ca\\\/en\\\/#organization\"}}]}\n\t\t<\/script>\n\t\t<script>(function(w,d,s,l,i){w[l]=w[l]||[];w[l].push({'gtm.start': new Date().getTime(),event:'gtm.js'});var f=d.getElementsByTagName(s)[0], j=d.createElement(s),dl=l!='dataLayer'?'&l='+l:'';j.async=true;j.src='https:\/\/www.googletagmanager.com\/gtm.js?id='+i+dl;f.parentNode.insertBefore(j,f);})(window,document,'script','dataLayer',\"GTM-M458DVJ\");<\/script>\n\t\t<!-- All in One SEO Pro -->\r\n\t\t<title>Customer testimonials \u2013 Google and Trustpilot reviews - 1001Web\u2122 - Cr\u00e9ation de Sites Web Montr\u00e9al<\/title>\n\n","aioseo_head_json":{"title":"Customer testimonials \u2013 Google and Trustpilot reviews - 1001Web\u2122 - Cr\u00e9ation de Sites Web Montr\u00e9al","description":"[reviews_rating] [brtpmj_reviews]","canonical_url":"https:\/\/1001web.ca\/en\/customer-testimonials-google-and-trustpilot-reviews\/","robots":"max-image-preview:large","keywords":"","webmasterTools":{"msvalidate.01":"4E74B54DD853C9FE8C5FF5573C146251","yandex-verification":"b3a552b01ee41d38","miscellaneous":""},"schema":{"@context":"https:\/\/schema.org","@graph":[{"@type":"BreadcrumbList","@id":"https:\/\/1001web.ca\/en\/customer-testimonials-google-and-trustpilot-reviews\/#breadcrumblist","itemListElement":[{"@type":"ListItem","@id":"https:\/\/1001web.ca\/en\/#listItem","position":1,"name":"Accueil","item":"https:\/\/1001web.ca\/en\/","nextItem":{"@type":"ListItem","@id":"https:\/\/1001web.ca\/en\/customer-testimonials-google-and-trustpilot-reviews\/#listItem","name":"Customer testimonials &#8211; Google and Trustpilot reviews"}},{"@type":"ListItem","@id":"https:\/\/1001web.ca\/en\/customer-testimonials-google-and-trustpilot-reviews\/#listItem","position":2,"name":"Customer testimonials &#8211; Google and Trustpilot reviews","previousItem":{"@type":"ListItem","@id":"https:\/\/1001web.ca\/en\/#listItem","name":"Accueil"}}]},{"@type":"Organization","@id":"https:\/\/1001web.ca\/en\/#organization","name":"1001Web\u2122","description":"Agence de cr\u00e9ation de sites web \u00e0 Montr\u00e9al depuis 2008. Solutions cl\u00e9 en main pour PME, OBNL et OSBL : sites vitrines, e-commerce, h\u00e9bergement, maintenance. Devis gratuit.","url":"https:\/\/1001web.ca\/en\/","email":"info@1001web.ca","telephone":"+15149725102","foundingDate":"2008-06-01","numberOfEmployees":{"@type":"QuantitativeValue","value":2},"logo":{"@type":"ImageObject","url":"https:\/\/1001web.ca\/wp-content\/uploads\/2024\/08\/2024-1001Web-L-cadre.webp","@id":"https:\/\/1001web.ca\/en\/customer-testimonials-google-and-trustpilot-reviews\/#organizationLogo","width":440,"height":386,"caption":"#image_title"},"image":{"@id":"https:\/\/1001web.ca\/en\/customer-testimonials-google-and-trustpilot-reviews\/#organizationLogo"},"sameAs":["https:\/\/x.com\/1001web"],"address":{"@id":"https:\/\/1001web.ca\/en\/#postaladdress","@type":"PostalAddress","streetAddress":"7760 Rue Jarry E, Anjou,,","postalCode":"H1J 1H3","addressLocality":"Montr\u00e9al","addressRegion":"Qu\u00e9bec","addressCountry":"CA"}},{"@type":"WebPage","@id":"https:\/\/1001web.ca\/en\/customer-testimonials-google-and-trustpilot-reviews\/#webpage","url":"https:\/\/1001web.ca\/en\/customer-testimonials-google-and-trustpilot-reviews\/","name":"Customer testimonials \u2013 Google and Trustpilot reviews - 1001Web\u2122 - Cr\u00e9ation de Sites Web Montr\u00e9al","description":"[reviews_rating] [brtpmj_reviews]","inLanguage":"en-US","isPartOf":{"@id":"https:\/\/1001web.ca\/en\/#website"},"breadcrumb":{"@id":"https:\/\/1001web.ca\/en\/customer-testimonials-google-and-trustpilot-reviews\/#breadcrumblist"},"datePublished":"2026-01-31T18:46:44-05:00","dateModified":"2026-01-31T18:46:44-05:00"},{"@type":"WebSite","@id":"https:\/\/1001web.ca\/en\/#website","url":"https:\/\/1001web.ca\/en\/","name":"1001Web\u2122 - Cr\u00e9ation de Sites Web Montr\u00e9al","alternateName":"1001Web.ca","description":"Experts en cr\u00e9ation de sites web \u00e0 Montr\u00e9al depuis 15 ans","inLanguage":"en-US","publisher":{"@id":"https:\/\/1001web.ca\/en\/#organization"}}]},"og:locale":"en_US","og:site_name":"1001Web\u2122 - Cr\u00e9ation de Sites Web Montr\u00e9al - Experts en cr\u00e9ation de sites web \u00e0 Montr\u00e9al depuis 15 ans","og:type":"article","og:title":"Customer testimonials \u2013 Google and Trustpilot reviews - 1001Web\u2122 - Cr\u00e9ation de Sites Web Montr\u00e9al","og:description":"[reviews_rating] [brtpmj_reviews]","og:url":"https:\/\/1001web.ca\/en\/customer-testimonials-google-and-trustpilot-reviews\/","article:published_time":"2026-01-31T13:46:44+00:00","article:modified_time":"2026-01-31T13:46:44+00:00","twitter:card":"summary_large_image","twitter:site":"@1001web","twitter:title":"Customer testimonials \u2013 Google and Trustpilot reviews - 1001Web\u2122 - Cr\u00e9ation de Sites Web Montr\u00e9al","twitter:description":"[reviews_rating] [brtpmj_reviews]","twitter:creator":"@1001web"},"aioseo_meta_data":{"post_id":"37072","title":null,"description":null,"keywords":null,"keyphrases":{"focus":{"keyphrase":"","score":0,"analysis":{"keyphraseInTitle":{"score":0,"maxScore":9,"error":1}}},"additional":[]},"primary_term":null,"canonical_url":null,"og_title":null,"og_description":null,"og_object_type":"default","og_image_type":"default","og_image_url":null,"og_image_width":null,"og_image_height":null,"og_image_custom_url":null,"og_image_custom_fields":null,"og_video":"","og_custom_url":null,"og_article_section":null,"og_article_tags":null,"twitter_use_og":false,"twitter_card":"default","twitter_image_type":"default","twitter_image_url":null,"twitter_image_custom_url":null,"twitter_image_custom_fields":null,"twitter_title":null,"twitter_description":null,"schema":{"blockGraphs":[],"customGraphs":[],"default":{"data":{"Article":[],"Course":[],"Dataset":[],"FAQPage":[],"Movie":[],"Person":[],"Product":[],"ProductReview":[],"Car":[],"Recipe":[],"Service":[],"SoftwareApplication":[],"WebPage":[]},"graphName":"WebPage","isEnabled":true},"graphs":[]},"schema_type":"default","schema_type_options":null,"pillar_content":false,"robots_default":true,"robots_noindex":false,"robots_noarchive":false,"robots_nosnippet":false,"robots_nofollow":false,"robots_noimageindex":false,"robots_noodp":false,"robots_notranslate":false,"robots_max_snippet":"-1","robots_max_videopreview":"-1","robots_max_imagepreview":"large","priority":null,"frequency":"default","local_seo":null,"seo_analyzer_scan_date":"2026-01-31 13:47:45","breadcrumb_settings":null,"limit_modified_date":false,"reviewed_by":"0","open_ai":null,"ai":{"faqs":[],"keyPoints":[],"titles":[],"descriptions":[],"socialPosts":{"email":[],"linkedin":[],"twitter":[],"facebook":[],"instagram":[]}},"created":"2026-02-17 22:30:46","updated":"2026-02-17 22:30:46"},"aioseo_breadcrumb":"<div class=\"aioseo-breadcrumbs\"><span class=\"aioseo-breadcrumb\">\n\t<a href=\"https:\/\/1001web.ca\/en\/\" title=\"Accueil\">Accueil<\/a>\n<\/span><span class=\"aioseo-breadcrumb-separator\">\u00bb<\/span><span class=\"aioseo-breadcrumb\">\n\tCustomer testimonials \u2013 Google and Trustpilot reviews\n<\/span><\/div>","aioseo_breadcrumb_json":[{"label":"Accueil","link":"https:\/\/1001web.ca\/en\/"},{"label":"Customer testimonials &#8211; Google and Trustpilot reviews","link":"https:\/\/1001web.ca\/en\/customer-testimonials-google-and-trustpilot-reviews\/"}],"_links":{"self":[{"href":"https:\/\/1001web.ca\/en\/wp-json\/wp\/v2\/pages\/37072","targetHints":{"allow":["GET"]}}],"collection":[{"href":"https:\/\/1001web.ca\/en\/wp-json\/wp\/v2\/pages"}],"about":[{"href":"https:\/\/1001web.ca\/en\/wp-json\/wp\/v2\/types\/page"}],"author":[{"embeddable":true,"href":"https:\/\/1001web.ca\/en\/wp-json\/wp\/v2\/users\/1"}],"replies":[{"embeddable":true,"href":"https:\/\/1001web.ca\/en\/wp-json\/wp\/v2\/comments?post=37072"}],"version-history":[{"count":0,"href":"https:\/\/1001web.ca\/en\/wp-json\/wp\/v2\/pages\/37072\/revisions"}],"wp:attachment":[{"href":"https:\/\/1001web.ca\/en\/wp-json\/wp\/v2\/media?parent=37072"}],"curies":[{"name":"wp","href":"https:\/\/api.w.org\/{rel}","templated":true}]}}