{"id":36604,"date":"2024-12-12T01:47:22","date_gmt":"2024-12-11T20:47:22","guid":{"rendered":"https:\/\/1001web.ca\/1001web-ca-site-map\/"},"modified":"2025-03-13T11:09:20","modified_gmt":"2025-03-13T06:09:20","slug":"1001web-ca-site-map","status":"publish","type":"page","link":"https:\/\/1001web.ca\/en\/1001web-ca-site-map\/","title":{"rendered":"1001Web.ca Site Map"},"content":{"rendered":"<div class=\"wpb-content-wrapper\"><p>[vc_section full_width=&#8221;stretch_row&#8221; full_height=&#8221;yes&#8221; content_placement=&#8221;middle&#8221; pix_bg_grdient=&#8221;bg-gradient-primary&#8221; fade_in_opacity=&#8221;pix-opacity-1&#8243; pix_over_visibility=&#8221;&#8221; bottom_divider_select=&#8221;8&#8243; b_has_animation=&#8221;true&#8221; b_2_animation=&#8221;fade-in-up&#8221; b_3_animation=&#8221;fade-in-up&#8221; responsive_css=&#8221;{&#8220;pix_res_sm_pt&#8220;:&#8220;60&#8220;,&#8220;pix_res_md_pt&#8220;:&#8220;60&#8220;}&#8221; css=&#8221;.vc_custom_1733951802912{padding-bottom: 20px !important;}&#8221; fade_in_intro=&#8221;https:\/\/essentials.pixfort.com\/modern\/wp-content\/uploads\/sites\/45\/2021\/02\/modern-intro-bg.jpg&#8221; b_2_delay=&#8221;150&#8243; b_3_delay=&#8221;300&#8243;][vc_row full_width=&#8221;stretch_row&#8221; pix_particles_check=&#8221;&#8221; css=&#8221;.vc_custom_1613440650045{padding-bottom: 40px !important;}&#8221;][vc_column]<div  class=\"pix-heading-el text-left \"><h1 class=\"text-white font-weight-bold h1 heading-text el-title_custom_color mb-12\" style=\"\" data-anim-type=\"\" data-anim-delay=\"0\">1001Web.ca Site Map<\/h1><\/div>[\/vc_column][\/vc_row][\/vc_section][vc_row pix_particles_check=&#8221;&#8221; css=&#8221;.vc_custom_1733951166035{padding-bottom: 60px !important;}&#8221;][vc_column width=&#8221;1\/4&#8243;][\/vc_column][vc_column width=&#8221;1\/2&#8243;]<div id=\"el1733951095775-afde7693-2e1b\" class=\"pix-el-text   w-100  \" ><p class=\"\"><div class=\"aioseo-html-sitemap\"><style>.aioseo-html-sitemap.labels-hidden ul { margin: 0; }<\/style><div class=\"aioseo-html-post-sitemap\"><h4>Posts<\/h4><ul><li><a href=\"https:\/\/1001web.ca\/en\/bill-25-quebec-everything-you-need-to-know-about-personal-data-protection\/\" >Bill 25 Quebec: everything you need to know about personal data protection.<\/a><\/li><li><a href=\"https:\/\/1001web.ca\/loi-25-quebec-definition-et-obligations-a-savoir\/\" >Loi 25 Qu\u00e9bec : tout savoir sur la protection des donn\u00e9es personnelles.<\/a><\/li><li><a href=\"https:\/\/1001web.ca\/en\/12-tips-to-know-about-website-design-by-a-montreal-designer\/\" >12 tips to know about website design by a Montreal designer<\/a><\/li><li><a href=\"https:\/\/1001web.ca\/12-choses-a-savoir-sur-la-conception-dun-site-web-par-un-concepteur-de-montreal\/\" >12 conseils \u00e0 savoir sur la conception d&#8217;un site web par un concepteur de Montr\u00e9al<\/a><\/li><li><a href=\"https:\/\/1001web.ca\/en\/which-website-to-choose-expert-advice-for-an-informed-decision\/\" >Which website to choose? Expert advice for an informed decision<\/a><\/li><li><a href=\"https:\/\/1001web.ca\/quel-site-web-choisir-conseils-dexperts-pour-une-decision-eclairee\/\" >Quel site web choisir ? Conseils d&#8217;experts pour une d\u00e9cision \u00e9clair\u00e9e<\/a><\/li><li><a href=\"https:\/\/1001web.ca\/en\/heres-why-website-maintenance-is-crucial\/\" >Here&#8217;s why website maintenance is crucial<\/a><\/li><li><a href=\"https:\/\/1001web.ca\/voici-pourquoi-la-maintenance-dun-site-web-est-cruciale\/\" >Voici pourquoi la maintenance d\u2019un site web est cruciale<\/a><\/li><li><a href=\"https:\/\/1001web.ca\/en\/deciphering-the-role-of-an-expert-web-designer-on-the-digital-web\/\" >Deciphering the role of an expert &#8220;web designer&#8221; on the digital web<\/a><\/li><li><a href=\"https:\/\/1001web.ca\/decrypter-le-role-dun-expert\/\" >D\u00e9crypter le r\u00f4le d&#8217;un expert &#8220;concepteur de site internet&#8221; sur la toile num\u00e9rique<\/a><\/li><li><a href=\"https:\/\/1001web.ca\/plugin-maintenance-wordpress-le-comparatif-franc-de-2026\/\" >Plugin maintenance WordPress\u00a0: le comparatif franc de 2026<\/a><\/li><li><a href=\"https:\/\/1001web.ca\/en\/wordpress-maintenance-plugins-the-frank-comparison-of-2026\/\" >WordPress maintenance plugins: the frank comparison of 2026<\/a><\/li><li><a href=\"https:\/\/1001web.ca\/10-fonctionnalites-essentielles-site-web-obnl-2026-1001web\/\" >10 fonctionnalit\u00e9s essentielles site web OBNL [2026] | 1001Web\u2122<\/a><\/li><\/ul><\/div><br \/><div class=\"aioseo-html-page-sitemap\"><h4>Pages<\/h4><ul><li><a href=\"https:\/\/1001web.ca\/en\/website-design-in-montreal-website-designers\/\" >Web designers Montreal Anjou \u267e\ufe0f Web designers<\/a><\/li><li><a href=\"https:\/\/1001web.ca\/ancien\/\" >Cr\u00e9ation de Sites Web \u00e0 Montr\u00e9al | 1001Web\u2122<\/a><\/li><li><a href=\"https:\/\/1001web.ca\/web-services\/\" >Web Services<\/a><\/li><li><a href=\"https:\/\/1001web.ca\/en\/web-services\/\" >Web Services<\/a><ul><li><a href=\"https:\/\/1001web.ca\/en\/web-services\/creation-of-showcase-websites-in-montreal-expert-services\/\" >Creation of showcase websites in Montreal \u2022 Expert services<\/a><\/li><li><a href=\"https:\/\/1001web.ca\/en\/web-services\/creating-websites-of-all-kinds-in-montreal\/\" >Montreal Website Design Services<\/a><\/li><li><a href=\"https:\/\/1001web.ca\/en\/web-services\/website-design-for-npos-and-non-profit-organisations-in-montreal\/\" >Creation of NPO and NPO websites in Montreal<\/a><\/li><li><a href=\"https:\/\/1001web.ca\/en\/web-services\/creation-of-onepage-websites-in-montreal\/\" >One Page Web Design in Montreal<\/a><\/li><\/ul><\/li><li><a href=\"https:\/\/1001web.ca\/services-web\/\" >Services Web<\/a><ul><li><a href=\"https:\/\/1001web.ca\/services-web\/creation-sites-web-vitrine-montreal\/\" >Cr\u00e9ation de Sites Web Vitrine \u00e0 Montr\u00e9al<\/a><\/li><li><a href=\"https:\/\/1001web.ca\/services-web\/creation-sites-web\/\" >Services de Cr\u00e9ation de Sites Web \u00e0 Montr\u00e9al<\/a><\/li><li><a href=\"https:\/\/1001web.ca\/services-web\/creation-sites-web-obnl-osbl\/\" >Cr\u00e9ation de sites web OBNL et OSBL \u00e0 Montr\u00e9al<\/a><\/li><li><a href=\"https:\/\/1001web.ca\/services-web\/creation-sites-web-onepage\/\" >Cr\u00e9ation de Sites Web One Page \u00e0 Montr\u00e9al<\/a><\/li><\/ul><\/li><li><a href=\"https:\/\/1001web.ca\/en\/blog-web-news\/\" >Blog &amp; Web News<\/a><\/li><li><a href=\"https:\/\/1001web.ca\/blogue-actualites-web\/\" >Blogue &#038; Actualit\u00e9s Web<\/a><\/li><li><a href=\"https:\/\/1001web.ca\/en\/online-appointments-with-our-web-experts-in-montreal-1001web-ca\/\" >Online appointments with our web experts in Montreal 1001Web.ca<\/a><\/li><li><a href=\"https:\/\/1001web.ca\/contact\/\" >Contactez-nous | Cr\u00e9ation de Sites Web \u00e0 Montr\u00e9al | 1001Web\u2122<\/a><\/li><li><a href=\"https:\/\/1001web.ca\/en\/1001web-ca-web-design-company-in-montreal-anjou\/\" >1001Web\u2122 &#8211; Web Agency in Montreal Since 2008<\/a><\/li><li><a href=\"https:\/\/1001web.ca\/a-propos-1001web\/\" >1001Web\u2122 \u2014 Agence Web \u00e0 Montr\u00e9al Depuis 2008<\/a><\/li><li><a href=\"https:\/\/1001web.ca\/en\/1001web-ca-reviews-and-testimonials\/\" >1001Web.ca reviews and testimonials<\/a><\/li><li><a href=\"https:\/\/1001web.ca\/avis-temoignages\/\" >Avis et T\u00e9moignages Clients | 1001Web\u2122<\/a><\/li><li><a href=\"https:\/\/1001web.ca\/en\/faq-1001web-ca\/\" >FAQ Website Design | 1001Web\u2122<\/a><\/li><li><a href=\"https:\/\/1001web.ca\/maintenance-sites-web-montreal\/\" >Maintenance de Sites Web \u00e0 Montr\u00e9al<\/a><\/li><li><a href=\"https:\/\/1001web.ca\/en\/website-maintenance-and-upkeep-in-montreal\/\" >Website maintenance in Montreal<\/a><\/li><li><a href=\"https:\/\/1001web.ca\/en\/website-redesign-in-montreal-expert-services\/\" >Website Redesign in Montreal<\/a><\/li><li><a href=\"https:\/\/1001web.ca\/refonte-sites-web-montreal\/\" >Refonte de Sites Web \u00e0 Montr\u00e9al<\/a><\/li><li><a href=\"https:\/\/1001web.ca\/hebergement-web-exclusif\/\" >H\u00e9bergement Web exclusif \u00e0 Montr\u00e9al<\/a><\/li><li><a href=\"https:\/\/1001web.ca\/en\/exclusive-web-hosting-in-montreal-expert-services\/\" >Exclusive Web hosting in Montreal<\/a><\/li><li><a href=\"https:\/\/1001web.ca\/convertisseur-dimages-gratuit\/\" >Convertisseur d&#8217;Images Gratuit en Ligne<\/a><\/li><li><a href=\"https:\/\/1001web.ca\/en\/free-image-converter\/\" >Free Online Image Converter<\/a><\/li><li><a href=\"https:\/\/1001web.ca\/en\/1001web-ca-site-map\/\" >1001Web.ca Site Map<\/a><\/li><li><a href=\"https:\/\/1001web.ca\/temoignages-clients-avis-google-et-trustpilot\/\" >T\u00e9moignages clients &#8211; Avis Google et Trustpilot<\/a><\/li><li><a href=\"https:\/\/1001web.ca\/en\/customer-testimonials-google-and-trustpilot-reviews\/\" >Customer testimonials &#8211; Google and Trustpilot reviews<\/a><\/li><li><a href=\"https:\/\/1001web.ca\/accueil\/\" >Accueil<\/a><\/li><li><a href=\"https:\/\/1001web.ca\/en\/\" >Home<\/a><\/li><li><a href=\"https:\/\/1001web.ca\/confidentialite\/\" >Confidentialite<\/a><\/li><li><a href=\"https:\/\/1001web.ca\/en\/privacy\/\" >Privacy<\/a><\/li><li><a href=\"https:\/\/1001web.ca\/conditions-generales\/\" >Conditions G\u00e9n\u00e9rales<\/a><\/li><li><a href=\"https:\/\/1001web.ca\/en\/terms-conditions\/\" >Terms &amp; Conditions<\/a><\/li><li><a href=\"https:\/\/1001web.ca\/maintenance-genius\/\" >Maintenance GENIUS<\/a><\/li><li><a href=\"https:\/\/1001web.ca\/en\/genius-maintenance\/\" >GENIUS maintenance<\/a><\/li><\/ul><\/div><br \/><\/div><\/div>[\/vc_column][vc_column width=&#8221;1\/4&#8243;][\/vc_column][\/vc_row]<\/p>\r\n<\/div>","protected":false},"excerpt":{"rendered":"[vc_section full_width=&#8221;stretch_row&#8221; full_height=&#8221;yes&#8221; content_placement=&#8221;middle&#8221; pix_bg_grdient=&#8221;bg-gradient-primary&#8221; fade_in_opacity=&#8221;pix-opacity-1&#8243; pix_over_visibility=&#8221;&#8221; bottom_divider_select=&#8221;8&#8243; b_has_animation=&#8221;true&#8221; b_2_animation=&#8221;fade-in-up&#8221; b_3_animation=&#8221;fade-in-up&#8221; responsive_css=&#8221;{&#8220;pix_res_sm_pt&#8220;:&#8220;60&#8220;,&#8220;pix_res_md_pt&#8220;:&#8220;60&#8220;}&#8221; css=&#8221;.vc_custom_1733951802912{padding-bottom: 20px !important;}&#8221; fade_in_intro=&#8221;https:\/\/essentials.pixfort.com\/modern\/wp-content\/uploads\/sites\/45\/2021\/02\/modern-intro-bg.jpg&#8221; b_2_delay=&#8221;150&#8243; b_3_delay=&#8221;300&#8243;][vc_row full_width=&#8221;stretch_row&#8221; pix_particles_check=&#8221;&#8221; css=&#8221;.vc_custom_1613440650045{padding-bottom: 40px !important;}&#8221;][vc_column][\/vc_column][\/vc_row][\/vc_section][vc_row pix_particles_check=&#8221;&#8221; css=&#8221;.vc_custom_1733951166035{padding-bottom: 60px !important;}&#8221;][vc_column width=&#8221;1\/4&#8243;][\/vc_column][vc_column width=&#8221;1\/2&#8243;][\/vc_column][vc_column width=&#8221;1\/4&#8243;][\/vc_column][\/vc_row]","protected":false},"author":1,"featured_media":0,"parent":0,"menu_order":0,"comment_status":"closed","ping_status":"closed","template":"","meta":{"footnotes":""},"class_list":["post-36604","page","type-page","status-publish","hentry"],"aioseo_notices":[],"aioseo_head":"\n\t\t<!-- All in One SEO Pro 4.9.7.1 - aioseo.com -->\n\t<meta name=\"description\" content=\"1001Web.ca Site MapPostsBill 25 Quebec: everything you need to know about personal data protection.Loi 25 Qu\u00e9bec : tout savoir sur la protection des donn\u00e9es personnelles.12 tips to know about website design by a Montreal designer12 conseils \u00e0 savoir sur la conception d\u2019un site web par un concepteur de Montr\u00e9alWhich website to choose? Expert advice for\" \/>\n\t<meta name=\"robots\" content=\"max-image-preview:large\" \/>\n\t<meta name=\"msvalidate.01\" content=\"4E74B54DD853C9FE8C5FF5573C146251\" \/>\n\t<meta name=\"yandex-verification\" content=\"b3a552b01ee41d38\" \/>\n\t<link rel=\"canonical\" href=\"https:\/\/1001web.ca\/en\/1001web-ca-site-map\/\" \/>\n\t<meta name=\"generator\" content=\"All in One SEO Pro (AIOSEO) 4.9.7.1\" \/>\n\t\t<meta property=\"og:locale\" content=\"en_US\" \/>\n\t\t<meta property=\"og:site_name\" content=\"1001Web\u2122 - Cr\u00e9ation de Sites Web Montr\u00e9al - Experts en cr\u00e9ation de sites web \u00e0 Montr\u00e9al depuis 15 ans\" \/>\n\t\t<meta property=\"og:type\" content=\"article\" \/>\n\t\t<meta property=\"og:title\" content=\"1001Web.ca Site Map - 1001Web\u2122 - Cr\u00e9ation de Sites Web Montr\u00e9al\" \/>\n\t\t<meta property=\"og:description\" content=\"1001Web.ca Site MapPostsBill 25 Quebec: everything you need to know about personal data protection.Loi 25 Qu\u00e9bec : tout savoir sur la protection des donn\u00e9es personnelles.12 tips to know about website design by a Montreal designer12 conseils \u00e0 savoir sur la conception d\u2019un site web par un concepteur de Montr\u00e9alWhich website to choose? Expert advice for\" \/>\n\t\t<meta property=\"og:url\" content=\"https:\/\/1001web.ca\/en\/1001web-ca-site-map\/\" \/>\n\t\t<meta property=\"article:published_time\" content=\"2024-12-11T20:47:22+00:00\" \/>\n\t\t<meta property=\"article:modified_time\" content=\"2025-03-13T06:09:20+00:00\" \/>\n\t\t<meta name=\"twitter:card\" content=\"summary_large_image\" \/>\n\t\t<meta name=\"twitter:site\" content=\"@1001web\" \/>\n\t\t<meta name=\"twitter:title\" content=\"1001Web.ca Site Map - 1001Web\u2122 - Cr\u00e9ation de Sites Web Montr\u00e9al\" \/>\n\t\t<meta name=\"twitter:description\" content=\"1001Web.ca Site MapPostsBill 25 Quebec: everything you need to know about personal data protection.Loi 25 Qu\u00e9bec : tout savoir sur la protection des donn\u00e9es personnelles.12 tips to know about website design by a Montreal designer12 conseils \u00e0 savoir sur la conception d\u2019un site web par un concepteur de Montr\u00e9alWhich website to choose? Expert advice for\" \/>\n\t\t<meta name=\"twitter:creator\" content=\"@1001web\" \/>\n\t\t<script type=\"application\/ld+json\" class=\"aioseo-schema\">\n\t\t\t{\"@context\":\"https:\\\/\\\/schema.org\",\"@graph\":[{\"@type\":\"BreadcrumbList\",\"@id\":\"https:\\\/\\\/1001web.ca\\\/en\\\/1001web-ca-site-map\\\/#breadcrumblist\",\"itemListElement\":[{\"@type\":\"ListItem\",\"@id\":\"https:\\\/\\\/1001web.ca\\\/en\\\/#listItem\",\"position\":1,\"name\":\"Accueil\",\"item\":\"https:\\\/\\\/1001web.ca\\\/en\\\/\",\"nextItem\":{\"@type\":\"ListItem\",\"@id\":\"https:\\\/\\\/1001web.ca\\\/en\\\/1001web-ca-site-map\\\/#listItem\",\"name\":\"1001Web.ca Site Map\"}},{\"@type\":\"ListItem\",\"@id\":\"https:\\\/\\\/1001web.ca\\\/en\\\/1001web-ca-site-map\\\/#listItem\",\"position\":2,\"name\":\"1001Web.ca Site Map\",\"previousItem\":{\"@type\":\"ListItem\",\"@id\":\"https:\\\/\\\/1001web.ca\\\/en\\\/#listItem\",\"name\":\"Accueil\"}}]},{\"@type\":\"Organization\",\"@id\":\"https:\\\/\\\/1001web.ca\\\/en\\\/#organization\",\"name\":\"1001Web\\u2122\",\"description\":\"Agence de cr\\u00e9ation de sites web \\u00e0 Montr\\u00e9al depuis 2008. Solutions cl\\u00e9 en main pour PME, OBNL et OSBL : sites vitrines, e-commerce, h\\u00e9bergement, maintenance. Devis gratuit.\",\"url\":\"https:\\\/\\\/1001web.ca\\\/en\\\/\",\"email\":\"info@1001web.ca\",\"telephone\":\"+15149725102\",\"foundingDate\":\"2008-06-01\",\"numberOfEmployees\":{\"@type\":\"QuantitativeValue\",\"value\":2},\"logo\":{\"@type\":\"ImageObject\",\"url\":\"https:\\\/\\\/1001web.ca\\\/wp-content\\\/uploads\\\/2024\\\/08\\\/2024-1001Web-L-cadre.webp\",\"@id\":\"https:\\\/\\\/1001web.ca\\\/en\\\/1001web-ca-site-map\\\/#organizationLogo\",\"width\":440,\"height\":386,\"caption\":\"#image_title\"},\"image\":{\"@id\":\"https:\\\/\\\/1001web.ca\\\/en\\\/1001web-ca-site-map\\\/#organizationLogo\"},\"sameAs\":[\"https:\\\/\\\/x.com\\\/1001web\"],\"address\":{\"@id\":\"https:\\\/\\\/1001web.ca\\\/en\\\/#postaladdress\",\"@type\":\"PostalAddress\",\"streetAddress\":\"7760 Rue Jarry E, Anjou,\",\"postalCode\":\"H1J 1H3\",\"addressLocality\":\"Montr\\u00e9al\",\"addressRegion\":\"Qu\\u00e9bec\",\"addressCountry\":\"CA\"}},{\"@type\":\"WebPage\",\"@id\":\"https:\\\/\\\/1001web.ca\\\/en\\\/1001web-ca-site-map\\\/#webpage\",\"url\":\"https:\\\/\\\/1001web.ca\\\/en\\\/1001web-ca-site-map\\\/\",\"name\":\"1001Web.ca Site Map - 1001Web\\u2122 - Cr\\u00e9ation de Sites Web Montr\\u00e9al\",\"description\":\"1001Web.ca Site MapPostsBill 25 Quebec: everything you need to know about personal data protection.Loi 25 Qu\\u00e9bec : tout savoir sur la protection des donn\\u00e9es personnelles.12 tips to know about website design by a Montreal designer12 conseils \\u00e0 savoir sur la conception d\\u2019un site web par un concepteur de Montr\\u00e9alWhich website to choose? Expert advice for\",\"inLanguage\":\"en-US\",\"isPartOf\":{\"@id\":\"https:\\\/\\\/1001web.ca\\\/en\\\/#website\"},\"breadcrumb\":{\"@id\":\"https:\\\/\\\/1001web.ca\\\/en\\\/1001web-ca-site-map\\\/#breadcrumblist\"},\"datePublished\":\"2024-12-12T01:47:22-05:00\",\"dateModified\":\"2025-03-13T11:09:20-04:00\"},{\"@type\":\"WebSite\",\"@id\":\"https:\\\/\\\/1001web.ca\\\/en\\\/#website\",\"url\":\"https:\\\/\\\/1001web.ca\\\/en\\\/\",\"name\":\"1001Web\\u2122 - Cr\\u00e9ation de Sites Web Montr\\u00e9al\",\"alternateName\":\"1001Web.ca\",\"description\":\"Experts en cr\\u00e9ation de sites web \\u00e0 Montr\\u00e9al depuis 15 ans\",\"inLanguage\":\"en-US\",\"publisher\":{\"@id\":\"https:\\\/\\\/1001web.ca\\\/en\\\/#organization\"}}]}\n\t\t<\/script>\n\t\t<script>(function(w,d,s,l,i){w[l]=w[l]||[];w[l].push({'gtm.start': new Date().getTime(),event:'gtm.js'});var f=d.getElementsByTagName(s)[0], j=d.createElement(s),dl=l!='dataLayer'?'&l='+l:'';j.async=true;j.src='https:\/\/www.googletagmanager.com\/gtm.js?id='+i+dl;f.parentNode.insertBefore(j,f);})(window,document,'script','dataLayer',\"GTM-M458DVJ\");<\/script>\n\t\t<!-- All in One SEO Pro -->\r\n\t\t<title>1001Web.ca Site Map - 1001Web\u2122 - Cr\u00e9ation de Sites Web Montr\u00e9al<\/title>\n\n","aioseo_head_json":{"title":"1001Web.ca Site Map - 1001Web\u2122 - Cr\u00e9ation de Sites Web Montr\u00e9al","description":"1001Web.ca Site MapPostsBill 25 Quebec: everything you need to know about personal data protection.Loi 25 Qu\u00e9bec : tout savoir sur la protection des donn\u00e9es personnelles.12 tips to know about website design by a Montreal designer12 conseils \u00e0 savoir sur la conception d\u2019un site web par un concepteur de Montr\u00e9alWhich website to choose? Expert advice for","canonical_url":"https:\/\/1001web.ca\/en\/1001web-ca-site-map\/","robots":"max-image-preview:large","keywords":"","webmasterTools":{"msvalidate.01":"4E74B54DD853C9FE8C5FF5573C146251","yandex-verification":"b3a552b01ee41d38","miscellaneous":""},"schema":{"@context":"https:\/\/schema.org","@graph":[{"@type":"BreadcrumbList","@id":"https:\/\/1001web.ca\/en\/1001web-ca-site-map\/#breadcrumblist","itemListElement":[{"@type":"ListItem","@id":"https:\/\/1001web.ca\/en\/#listItem","position":1,"name":"Accueil","item":"https:\/\/1001web.ca\/en\/","nextItem":{"@type":"ListItem","@id":"https:\/\/1001web.ca\/en\/1001web-ca-site-map\/#listItem","name":"1001Web.ca Site Map"}},{"@type":"ListItem","@id":"https:\/\/1001web.ca\/en\/1001web-ca-site-map\/#listItem","position":2,"name":"1001Web.ca Site Map","previousItem":{"@type":"ListItem","@id":"https:\/\/1001web.ca\/en\/#listItem","name":"Accueil"}}]},{"@type":"Organization","@id":"https:\/\/1001web.ca\/en\/#organization","name":"1001Web\u2122","description":"Agence de cr\u00e9ation de sites web \u00e0 Montr\u00e9al depuis 2008. Solutions cl\u00e9 en main pour PME, OBNL et OSBL : sites vitrines, e-commerce, h\u00e9bergement, maintenance. Devis gratuit.","url":"https:\/\/1001web.ca\/en\/","email":"info@1001web.ca","telephone":"+15149725102","foundingDate":"2008-06-01","numberOfEmployees":{"@type":"QuantitativeValue","value":2},"logo":{"@type":"ImageObject","url":"https:\/\/1001web.ca\/wp-content\/uploads\/2024\/08\/2024-1001Web-L-cadre.webp","@id":"https:\/\/1001web.ca\/en\/1001web-ca-site-map\/#organizationLogo","width":440,"height":386,"caption":"#image_title"},"image":{"@id":"https:\/\/1001web.ca\/en\/1001web-ca-site-map\/#organizationLogo"},"sameAs":["https:\/\/x.com\/1001web"],"address":{"@id":"https:\/\/1001web.ca\/en\/#postaladdress","@type":"PostalAddress","streetAddress":"7760 Rue Jarry E, Anjou,","postalCode":"H1J 1H3","addressLocality":"Montr\u00e9al","addressRegion":"Qu\u00e9bec","addressCountry":"CA"}},{"@type":"WebPage","@id":"https:\/\/1001web.ca\/en\/1001web-ca-site-map\/#webpage","url":"https:\/\/1001web.ca\/en\/1001web-ca-site-map\/","name":"1001Web.ca Site Map - 1001Web\u2122 - Cr\u00e9ation de Sites Web Montr\u00e9al","description":"1001Web.ca Site MapPostsBill 25 Quebec: everything you need to know about personal data protection.Loi 25 Qu\u00e9bec : tout savoir sur la protection des donn\u00e9es personnelles.12 tips to know about website design by a Montreal designer12 conseils \u00e0 savoir sur la conception d\u2019un site web par un concepteur de Montr\u00e9alWhich website to choose? Expert advice for","inLanguage":"en-US","isPartOf":{"@id":"https:\/\/1001web.ca\/en\/#website"},"breadcrumb":{"@id":"https:\/\/1001web.ca\/en\/1001web-ca-site-map\/#breadcrumblist"},"datePublished":"2024-12-12T01:47:22-05:00","dateModified":"2025-03-13T11:09:20-04:00"},{"@type":"WebSite","@id":"https:\/\/1001web.ca\/en\/#website","url":"https:\/\/1001web.ca\/en\/","name":"1001Web\u2122 - Cr\u00e9ation de Sites Web Montr\u00e9al","alternateName":"1001Web.ca","description":"Experts en cr\u00e9ation de sites web \u00e0 Montr\u00e9al depuis 15 ans","inLanguage":"en-US","publisher":{"@id":"https:\/\/1001web.ca\/en\/#organization"}}]},"og:locale":"en_US","og:site_name":"1001Web\u2122 - Cr\u00e9ation de Sites Web Montr\u00e9al - Experts en cr\u00e9ation de sites web \u00e0 Montr\u00e9al depuis 15 ans","og:type":"article","og:title":"1001Web.ca Site Map - 1001Web\u2122 - Cr\u00e9ation de Sites Web Montr\u00e9al","og:description":"1001Web.ca Site MapPostsBill 25 Quebec: everything you need to know about personal data protection.Loi 25 Qu\u00e9bec : tout savoir sur la protection des donn\u00e9es personnelles.12 tips to know about website design by a Montreal designer12 conseils \u00e0 savoir sur la conception d\u2019un site web par un concepteur de Montr\u00e9alWhich website to choose? Expert advice for","og:url":"https:\/\/1001web.ca\/en\/1001web-ca-site-map\/","article:published_time":"2024-12-11T20:47:22+00:00","article:modified_time":"2025-03-13T06:09:20+00:00","twitter:card":"summary_large_image","twitter:site":"@1001web","twitter:title":"1001Web.ca Site Map - 1001Web\u2122 - Cr\u00e9ation de Sites Web Montr\u00e9al","twitter:description":"1001Web.ca Site MapPostsBill 25 Quebec: everything you need to know about personal data protection.Loi 25 Qu\u00e9bec : tout savoir sur la protection des donn\u00e9es personnelles.12 tips to know about website design by a Montreal designer12 conseils \u00e0 savoir sur la conception d\u2019un site web par un concepteur de Montr\u00e9alWhich website to choose? Expert advice for","twitter:creator":"@1001web"},"aioseo_meta_data":{"post_id":"36604","title":null,"description":null,"keywords":null,"keyphrases":{"focus":{"keyphrase":"","score":0,"analysis":{"keyphraseInTitle":{"score":0,"maxScore":9,"error":1}}},"additional":[]},"primary_term":null,"canonical_url":null,"og_title":null,"og_description":null,"og_object_type":"default","og_image_type":"default","og_image_url":null,"og_image_width":null,"og_image_height":null,"og_image_custom_url":null,"og_image_custom_fields":null,"og_video":"","og_custom_url":null,"og_article_section":null,"og_article_tags":null,"twitter_use_og":false,"twitter_card":"default","twitter_image_type":"default","twitter_image_url":null,"twitter_image_custom_url":null,"twitter_image_custom_fields":null,"twitter_title":null,"twitter_description":null,"schema":{"blockGraphs":[],"customGraphs":[],"default":{"data":{"Article":[],"Course":[],"Dataset":[],"FAQPage":[],"Movie":[],"Person":[],"Product":[],"ProductReview":[],"Car":[],"Recipe":[],"Service":[],"SoftwareApplication":[],"WebPage":[]},"graphName":"WebPage","isEnabled":true},"graphs":[]},"schema_type":"default","schema_type_options":null,"pillar_content":false,"robots_default":true,"robots_noindex":false,"robots_noarchive":false,"robots_nosnippet":false,"robots_nofollow":false,"robots_noimageindex":false,"robots_noodp":false,"robots_notranslate":false,"robots_max_snippet":"-1","robots_max_videopreview":"-1","robots_max_imagepreview":"large","priority":null,"frequency":"default","local_seo":null,"seo_analyzer_scan_date":"2025-12-03 03:45:29","breadcrumb_settings":null,"limit_modified_date":false,"reviewed_by":null,"open_ai":"{\"title\":{\"suggestions\":[],\"usage\":0},\"description\":{\"suggestions\":[],\"usage\":0}}","ai":null,"created":"2025-03-13 06:09:19","updated":"2025-12-03 03:45:29"},"aioseo_breadcrumb":"<div class=\"aioseo-breadcrumbs\"><span class=\"aioseo-breadcrumb\">\n\t<a href=\"https:\/\/1001web.ca\/en\/\" title=\"Accueil\">Accueil<\/a>\n<\/span><span class=\"aioseo-breadcrumb-separator\">\u00bb<\/span><span class=\"aioseo-breadcrumb\">\n\t1001Web.ca Site Map\n<\/span><\/div>","aioseo_breadcrumb_json":[{"label":"Accueil","link":"https:\/\/1001web.ca\/en\/"},{"label":"1001Web.ca Site Map","link":"https:\/\/1001web.ca\/en\/1001web-ca-site-map\/"}],"_links":{"self":[{"href":"https:\/\/1001web.ca\/en\/wp-json\/wp\/v2\/pages\/36604","targetHints":{"allow":["GET"]}}],"collection":[{"href":"https:\/\/1001web.ca\/en\/wp-json\/wp\/v2\/pages"}],"about":[{"href":"https:\/\/1001web.ca\/en\/wp-json\/wp\/v2\/types\/page"}],"author":[{"embeddable":true,"href":"https:\/\/1001web.ca\/en\/wp-json\/wp\/v2\/users\/1"}],"replies":[{"embeddable":true,"href":"https:\/\/1001web.ca\/en\/wp-json\/wp\/v2\/comments?post=36604"}],"version-history":[{"count":2,"href":"https:\/\/1001web.ca\/en\/wp-json\/wp\/v2\/pages\/36604\/revisions"}],"predecessor-version":[{"id":36606,"href":"https:\/\/1001web.ca\/en\/wp-json\/wp\/v2\/pages\/36604\/revisions\/36606"}],"wp:attachment":[{"href":"https:\/\/1001web.ca\/en\/wp-json\/wp\/v2\/media?parent=36604"}],"curies":[{"name":"wp","href":"https:\/\/api.w.org\/{rel}","templated":true}]}}